{"id":1035,"date":"2019-05-06T15:27:17","date_gmt":"2019-05-06T12:27:17","guid":{"rendered":"https:\/\/dev.mbrahastot.donbran.co\/yritys\/"},"modified":"2025-09-30T09:55:31","modified_gmt":"2025-09-30T06:55:31","slug":"yritys","status":"publish","type":"page","link":"https:\/\/www.mbrahastot.fi\/en\/yritys\/","title":{"rendered":"Company"},"content":{"rendered":"","protected":false},"excerpt":{"rendered":"","protected":false},"author":1,"featured_media":0,"parent":0,"menu_order":0,"comment_status":"closed","ping_status":"closed","template":"","meta":{"footnotes":""},"class_list":["post-1035","page","type-page","status-publish","hentry"],"yoast_head":"<!-- This site is optimized with the Yoast SEO Premium plugin v18.6 (Yoast SEO v27.3) - https:\/\/yoast.com\/product\/yoast-seo-premium-wordpress\/ -->\n<title>Tietoa yrityksest\u00e4 - MB Rahastot<\/title>\n<meta name=\"description\" content=\"MB Funds is a Finnish private equity firm and our mission is to create sustainable growth with our investee companies.\" \/>\n<meta name=\"robots\" content=\"index, follow, max-snippet:-1, max-image-preview:large, max-video-preview:-1\" \/>\n<link rel=\"canonical\" href=\"https:\/\/www.mbrahastot.fi\/en\/yritys\/\" \/>\n<meta property=\"og:locale\" content=\"en_US\" \/>\n<meta property=\"og:type\" content=\"article\" \/>\n<meta property=\"og:title\" content=\"Tietoa yrityksest\u00e4 - MB Rahastot\" \/>\n<meta property=\"og:description\" content=\"Olemme suomalainen p\u00e4\u00e4omasijoitusyhti\u00f6, jonka teht\u00e4v\u00e4n\u00e4 on rakentaa kest\u00e4v\u00e4\u00e4 kasvua kohdeyrityksiss\u00e4mme sek\u00e4 vastuullista tuottoa sijoittajillemme.\" \/>\n<meta property=\"og:url\" content=\"https:\/\/www.mbrahastot.fi\/en\/yritys\/\" \/>\n<meta property=\"og:site_name\" content=\"MB Rahastot\" \/>\n<meta property=\"article:modified_time\" content=\"2025-09-30T06:55:31+00:00\" \/>\n<meta property=\"og:image\" content=\"https:\/\/www.mbrahastot.fi\/wp-content\/uploads\/2019\/06\/MB_verkkosivusto_yritys.jpg\" \/>\n\t<meta property=\"og:image:width\" content=\"1200\" \/>\n\t<meta property=\"og:image:height\" content=\"600\" \/>\n\t<meta property=\"og:image:type\" content=\"image\/jpeg\" \/>\n<meta name=\"twitter:card\" content=\"summary_large_image\" \/>\n<meta name=\"twitter:title\" content=\"Company\" \/>\n<script type=\"application\/ld+json\" class=\"yoast-schema-graph\">{\"@context\":\"https:\\\/\\\/schema.org\",\"@graph\":[{\"@type\":\"WebPage\",\"@id\":\"https:\\\/\\\/www.mbrahastot.fi\\\/en\\\/yritys\\\/\",\"url\":\"https:\\\/\\\/www.mbrahastot.fi\\\/en\\\/yritys\\\/\",\"name\":\"Tietoa yrityksest\u00e4 - MB Rahastot\",\"isPartOf\":{\"@id\":\"https:\\\/\\\/www.mbrahastot.fi\\\/#website\"},\"datePublished\":\"2019-05-06T12:27:17+00:00\",\"dateModified\":\"2025-09-30T06:55:31+00:00\",\"description\":\"MB Funds is a Finnish private equity firm and our mission is to create sustainable growth with our investee companies.\",\"breadcrumb\":{\"@id\":\"https:\\\/\\\/www.mbrahastot.fi\\\/en\\\/yritys\\\/#breadcrumb\"},\"inLanguage\":\"en-US\",\"potentialAction\":[{\"@type\":\"ReadAction\",\"target\":[\"https:\\\/\\\/www.mbrahastot.fi\\\/en\\\/yritys\\\/\"]}]},{\"@type\":\"BreadcrumbList\",\"@id\":\"https:\\\/\\\/www.mbrahastot.fi\\\/en\\\/yritys\\\/#breadcrumb\",\"itemListElement\":[{\"@type\":\"ListItem\",\"position\":1,\"name\":\"Home\",\"item\":\"https:\\\/\\\/www.mbrahastot.fi\\\/en\\\/\"},{\"@type\":\"ListItem\",\"position\":2,\"name\":\"Company\"}]},{\"@type\":\"WebSite\",\"@id\":\"https:\\\/\\\/www.mbrahastot.fi\\\/#website\",\"url\":\"https:\\\/\\\/www.mbrahastot.fi\\\/\",\"name\":\"MB Rahastot\",\"description\":\"\",\"potentialAction\":[{\"@type\":\"SearchAction\",\"target\":{\"@type\":\"EntryPoint\",\"urlTemplate\":\"https:\\\/\\\/www.mbrahastot.fi\\\/?s={search_term_string}\"},\"query-input\":{\"@type\":\"PropertyValueSpecification\",\"valueRequired\":true,\"valueName\":\"search_term_string\"}}],\"inLanguage\":\"en-US\"}]}<\/script>\n<!-- \/ Yoast SEO Premium plugin. -->","yoast_head_json":{"title":"Tietoa yrityksest\u00e4 - MB Rahastot","description":"MB Funds is a Finnish private equity firm and our mission is to create sustainable growth with our investee companies.","robots":{"index":"index","follow":"follow","max-snippet":"max-snippet:-1","max-image-preview":"max-image-preview:large","max-video-preview":"max-video-preview:-1"},"canonical":"https:\/\/www.mbrahastot.fi\/en\/yritys\/","og_locale":"en_US","og_type":"article","og_title":"Tietoa yrityksest\u00e4 - MB Rahastot","og_description":"Olemme suomalainen p\u00e4\u00e4omasijoitusyhti\u00f6, jonka teht\u00e4v\u00e4n\u00e4 on rakentaa kest\u00e4v\u00e4\u00e4 kasvua kohdeyrityksiss\u00e4mme sek\u00e4 vastuullista tuottoa sijoittajillemme.","og_url":"https:\/\/www.mbrahastot.fi\/en\/yritys\/","og_site_name":"MB Rahastot","article_modified_time":"2025-09-30T06:55:31+00:00","og_image":[{"width":1200,"height":600,"url":"https:\/\/www.mbrahastot.fi\/wp-content\/uploads\/2019\/06\/MB_verkkosivusto_yritys.jpg","type":"image\/jpeg"}],"twitter_card":"summary_large_image","twitter_title":"Company","schema":{"@context":"https:\/\/schema.org","@graph":[{"@type":"WebPage","@id":"https:\/\/www.mbrahastot.fi\/en\/yritys\/","url":"https:\/\/www.mbrahastot.fi\/en\/yritys\/","name":"Tietoa yrityksest\u00e4 - MB Rahastot","isPartOf":{"@id":"https:\/\/www.mbrahastot.fi\/#website"},"datePublished":"2019-05-06T12:27:17+00:00","dateModified":"2025-09-30T06:55:31+00:00","description":"MB Funds is a Finnish private equity firm and our mission is to create sustainable growth with our investee companies.","breadcrumb":{"@id":"https:\/\/www.mbrahastot.fi\/en\/yritys\/#breadcrumb"},"inLanguage":"en-US","potentialAction":[{"@type":"ReadAction","target":["https:\/\/www.mbrahastot.fi\/en\/yritys\/"]}]},{"@type":"BreadcrumbList","@id":"https:\/\/www.mbrahastot.fi\/en\/yritys\/#breadcrumb","itemListElement":[{"@type":"ListItem","position":1,"name":"Home","item":"https:\/\/www.mbrahastot.fi\/en\/"},{"@type":"ListItem","position":2,"name":"Company"}]},{"@type":"WebSite","@id":"https:\/\/www.mbrahastot.fi\/#website","url":"https:\/\/www.mbrahastot.fi\/","name":"MB Rahastot","description":"","potentialAction":[{"@type":"SearchAction","target":{"@type":"EntryPoint","urlTemplate":"https:\/\/www.mbrahastot.fi\/?s={search_term_string}"},"query-input":{"@type":"PropertyValueSpecification","valueRequired":true,"valueName":"search_term_string"}}],"inLanguage":"en-US"}]}},"_links":{"self":[{"href":"https:\/\/www.mbrahastot.fi\/en\/wp-json\/wp\/v2\/pages\/1035","targetHints":{"allow":["GET"]}}],"collection":[{"href":"https:\/\/www.mbrahastot.fi\/en\/wp-json\/wp\/v2\/pages"}],"about":[{"href":"https:\/\/www.mbrahastot.fi\/en\/wp-json\/wp\/v2\/types\/page"}],"author":[{"embeddable":true,"href":"https:\/\/www.mbrahastot.fi\/en\/wp-json\/wp\/v2\/users\/1"}],"replies":[{"embeddable":true,"href":"https:\/\/www.mbrahastot.fi\/en\/wp-json\/wp\/v2\/comments?post=1035"}],"version-history":[{"count":58,"href":"https:\/\/www.mbrahastot.fi\/en\/wp-json\/wp\/v2\/pages\/1035\/revisions"}],"predecessor-version":[{"id":2563,"href":"https:\/\/www.mbrahastot.fi\/en\/wp-json\/wp\/v2\/pages\/1035\/revisions\/2563"}],"wp:attachment":[{"href":"https:\/\/www.mbrahastot.fi\/en\/wp-json\/wp\/v2\/media?parent=1035"}],"curies":[{"name":"wp","href":"https:\/\/api.w.org\/{rel}","templated":true}]}}